{"id":10,"date":"2022-06-17T12:08:07","date_gmt":"2022-06-17T12:08:07","guid":{"rendered":"http:\/\/skfoundation.com\/?page_id=10"},"modified":"2024-05-27T16:18:52","modified_gmt":"2024-05-27T13:18:52","slug":"apie","status":"publish","type":"page","link":"https:\/\/skfoundation.com\/index.php\/apie\/","title":{"rendered":"Apie mus"},"content":{"rendered":"\n<p><strong><em>Fondo \u012fk\u016brimas ir veikla<\/em><\/strong><\/p>\n\n\n\n<p>Sauliaus Karoso labdaros ir paramos fondas \u012fkurtas 1998&nbsp;m. kovo m\u0117nes\u012f. \u0160iandien fondas gali pasid\u017eiaugti nuveikt\u0173 darb\u0173 gausa ir \u012fvairove. Paremti tarptautiniai M. K. \u010ciurlionio pianist\u0173 ir vargoninink\u0173, Stasio Vaini\u016bno pianist\u0173 ir kamerini\u0173 ansambli\u0173, Balio Dvariono pianist\u0173 ir smuikinink\u0173, Virgilijaus Noreikos vokalist\u0173, Jono Aleksos jaun\u0173j\u0173 choro dirigent\u0173,&nbsp; taip pat Juozo Naujalio vargoninink\u0173, Liturgin\u0117s muzikos kompozicijos, Kri\u0161k\u0161\u010dioni\u0161kos sakralin\u0117s muzikos ir kiti konkursai.<\/p>\n\n\n\n<p>Nema\u017ea dalis l\u0117\u0161\u0173 buvo skirta k\u016brybin\u0117ms organizacijoms ir meno mokykloms. Paremti Didieji muzik\u0173 paradai, Bir\u0161tono vasaros men\u0173 akademija, kasmetiniai M. K. \u010ciurlionio men\u0173 mokyklos abiturient\u0173 oper\u0173 pastatymai, Vilniaus B. Dvariono&nbsp; de\u0161imtmet\u0117s muzikos mokyklos simfoninio orkestro koncertai Belgijoje ir Pranc\u016bzijoje, tarptautiniai muzikos festivaliai: Vilniaus fortepijono muzikos, Thomo Manno Nidoje, \u201eAve Marija\u201c, \u201ePasaulio balsai\u201c, M. K. \u010ciurlionio Palangoje, \u201eSu muzika per Europ\u0105\u201c \u012fvairiuose Lietuvos miestuose ir kt., \u0161iuolaikin\u0117s operos \u201eOperomanija\u201c, triptiko \u201cNeringa\u201d pastatymai.<\/p>\n\n\n\n<p>Skatindamas jaun\u0173j\u0173 meninink\u0173 profesin\u0119 pa\u017eang\u0105, fondas remia \u012fvairias j\u0173 tobul\u0117jimo programas&nbsp;\u2013 studijas presti\u017ein\u0117se Vakar\u0173 Europos (Zalcburgo \u201eMozarteum\u201c, Graco,&nbsp; Vienos muzikos ir vaizduojamojo meno universitetuose, Londono Karali\u0161kojoje muzikos akademijoje), taip pat JAV (Niujorko Juilliardo, Manhatan School of Music, Frost School of Music Miami)&nbsp; auk\u0161tosiose meno mokyklose, dalyvavim\u0105 tarptautiniuose meistri\u0161kumo kursuose, padeda \u012fsigyti naujus muzikos instrumentus. Fondo paremti jaunieji menininkai \u0161iandien s\u0117kmingai koncertuoja presti\u017ein\u0117se koncertin\u0117se scenose, pla\u010diai garsina Lietuvos vard\u0105 pasaulyje.<\/p>\n\n\n\n<p>Fondui par\u0117mus leid\u017eiamas Lietuvos muzik\u0173 s\u0105jungos \u017eurnalas \u201eMuzikos Barai\u201c, taip pat kompaktin\u0117s plok\u0161tel\u0117s, mokslin\u0117s monografijos, monumental\u016bs meno istorijos leidiniai, kompozitori\u0173 k\u016brini\u0173 rinktin\u0117s. Tai albumai \u201eLietuvi\u0173 folkloro teatras\u201c, \u201ePaslaptingas b\u016bties \u0161vyt\u0117jimas\u201c (apie dailinink\u0119 Birut\u0119 \u017dilyt\u0119), dokumentiniai filmai \u201eN\u0117ra laiko gerumui\u201c apie Ar\u016bn\u0105 \u017debri\u016bn\u0105 ir Giedr\u0119 Kaukait\u0119 (re\u017e. A. Jan\u010doras), K\u016brybos m\u012fsl\u0117\u201c apie skulptor\u0119 Dali\u0105 Matulait\u0119 (re\u017e. A. Tarvydas), kompozitori\u0173 A. Bra\u017einsko, V. Majorovo nat\u0173 rinkiniai ir kt.<\/p>\n\n\n\n<p>D\u0117mesys skiriamas kult\u016bros paveldui. Paremtas lietuvi\u0173 skulptor\u0117s Dalios Matulait\u0117s, sukurtas tarptautin\u0117s reik\u0161m\u0117s paminklas Budape\u0161te Lietuvos did\u017eiajam kunigaik\u0161\u010diui, Lenkijos karaliui Jogailai bei jo \u017emonai Vengrijos princesei ir Lenkijos valdovei Jadvygai, paminklin\u0117s stelos Reformacijos ir lietuvi\u0161kos ra\u0161tijos pradininkams. Su fondo pagalba \u012frengta viena Lietuvos muzikos ir teatro akademijos sali\u0173; \u010dia pastatyti Sauliaus Karoso dovanoti vargonai ir Konstantino Bogdano sukurtas J.&nbsp;Karoso skulpt\u016brinis portretas.<\/p>\n\n\n\n<p>Teikiant param\u0105 i\u0161 priva\u010di\u0173 l\u0117\u0161\u0173, da\u017enai padedama tada, kai jos reikia ne tik svarbiai id\u0117jai \u012fgyvendinti, bet ir pad\u0117ti nelaim\u0117je. Nema\u017eos paramos sulauk\u0117 ne\u012fgali\u0173j\u0173 projektai, j\u0173 u\u017eimtumo, psichologin\u0117s paramos centrai, taip pat paremtos medicinos institucijos, padedant \u012fsigyti reikiamos aparat\u016bros.<\/p>\n","protected":false},"excerpt":{"rendered":"<p>Fondo \u012fk\u016brimas ir veikla Sauliaus Karoso labdaros ir paramos fondas \u012fkurtas 1998&nbsp;m. kovo m\u0117nes\u012f. \u0160iandien fondas gali pasid\u017eiaugti nuveikt\u0173 darb\u0173 gausa ir \u012fvairove. Paremti tarptautiniai M. K. \u010ciurlionio pianist\u0173 ir vargoninink\u0173, Stasio Vaini\u016bno pianist\u0173 ir kamerini\u0173 ansambli\u0173, Balio Dvariono pianist\u0173 ir smuikinink\u0173, Virgilijaus Noreikos vokalist\u0173, Jono Aleksos jaun\u0173j\u0173 choro dirigent\u0173,&nbsp; taip pat Juozo Naujalio vargoninink\u0173, Liturgin\u0117s muzikos kompozicijos, Kri\u0161k\u0161\u010dioni\u0161kos sakralin\u0117s muzikos ir kiti konkursai. Nema\u017ea dalis l\u0117\u0161\u0173 buvo skirta k\u016brybin\u0117ms organizacijoms ir meno mokykloms. Paremti Didieji muzik\u0173 paradai, Bir\u0161tono vasaros men\u0173 akademija, kasmetiniai M. K. \u010ciurlionio men\u0173 mokyklos abiturient\u0173 oper\u0173 pastatymai, Vilniaus B. Dvariono&nbsp; de\u0161imtmet\u0117s muzikos mokyklos simfoninio orkestro koncertai Belgijoje ir Pranc\u016bzijoje, tarptautiniai muzikos festivaliai: Vilniaus fortepijono muzikos, Thomo Manno Nidoje, \u201eAve Marija\u201c, \u201ePasaulio balsai\u201c, M. K. \u010ciurlionio Palangoje, \u201eSu muzika per Europ\u0105\u201c \u012fvairiuose Lietuvos miestuose ir kt., \u0161iuolaikin\u0117s operos \u201eOperomanija\u201c, triptiko \u201cNeringa\u201d pastatymai. Skatindamas jaun\u0173j\u0173 meninink\u0173 profesin\u0119 pa\u017eang\u0105, fondas remia \u012fvairias j\u0173 tobul\u0117jimo programas&nbsp;\u2013 studijas presti\u017ein\u0117se Vakar\u0173 Europos&hellip;<\/p>\n<p> <a class=\"more-link\" href=\"https:\/\/skfoundation.com\/index.php\/apie\/\">Read more<\/a><\/p>\n","protected":false},"author":1,"featured_media":185,"parent":0,"menu_order":0,"comment_status":"closed","ping_status":"closed","template":"","meta":{"om_disable_all_campaigns":false,"footnotes":""},"_links":{"self":[{"href":"https:\/\/skfoundation.com\/index.php\/wp-json\/wp\/v2\/pages\/10"}],"collection":[{"href":"https:\/\/skfoundation.com\/index.php\/wp-json\/wp\/v2\/pages"}],"about":[{"href":"https:\/\/skfoundation.com\/index.php\/wp-json\/wp\/v2\/types\/page"}],"author":[{"embeddable":true,"href":"https:\/\/skfoundation.com\/index.php\/wp-json\/wp\/v2\/users\/1"}],"replies":[{"embeddable":true,"href":"https:\/\/skfoundation.com\/index.php\/wp-json\/wp\/v2\/comments?post=10"}],"version-history":[{"count":4,"href":"https:\/\/skfoundation.com\/index.php\/wp-json\/wp\/v2\/pages\/10\/revisions"}],"predecessor-version":[{"id":235,"href":"https:\/\/skfoundation.com\/index.php\/wp-json\/wp\/v2\/pages\/10\/revisions\/235"}],"wp:featuredmedia":[{"embeddable":true,"href":"https:\/\/skfoundation.com\/index.php\/wp-json\/wp\/v2\/media\/185"}],"wp:attachment":[{"href":"https:\/\/skfoundation.com\/index.php\/wp-json\/wp\/v2\/media?parent=10"}],"curies":[{"name":"wp","href":"https:\/\/api.w.org\/{rel}","templated":true}]}}