{"id":11,"date":"2022-06-17T12:08:07","date_gmt":"2022-06-17T12:08:07","guid":{"rendered":"http:\/\/skfoundation.com\/?page_id=11"},"modified":"2024-05-27T16:20:11","modified_gmt":"2024-05-27T13:20:11","slug":"susisiekite","status":"publish","type":"page","link":"https:\/\/skfoundation.com\/index.php\/susisiekite\/","title":{"rendered":"Parama"},"content":{"rendered":"\n<p><strong><em>Ko reikia norint gauti fondo param\u0105?<\/em><\/strong><\/p>\n\n\n\n<p>Pateikite trump\u0105 gyvenimo apra\u0161ym\u0105 (CV)<br>U\u017epildykite pra\u0161ym\u0105 (<a href=\"http:\/\/skfoundation.com\/wp-content\/uploads\/2022\/11\/Prasymo-anketa-2022.doc\">spausti \u010dia<\/a>)<br>Pateikite mokymo \u012fstaigos ar visuomenin\u0117s organizacijos rekomendacij\u0105<br>Gavus param\u0105, u\u017epildykite sutart\u012f<\/p>\n\n\n\n<p><\/p>\n\n\n\n<p><\/p>\n\n\n\n<p><strong><em>Kaip paremti fond\u0105?<\/em><\/strong><\/p>\n\n\n\n<p>Fondas su d\u0117kingumu priima bi\u010diuli\u0173 param\u0105 \u2013 1.2 proc. gyventoj\u0173 pajam\u0173 mokest\u012f.<br>Organizacijos ir asmenys, norintys tapti fondo r\u0117m\u0117jais, pasira\u0161o paramos perdavimo sutart\u012f ir l\u0117\u0161as perveda \u012f fondo s\u0105skait\u0105.<\/p>\n\n\n\n<p><\/p>\n\n\n\n<p><\/p>\n\n\n\n<p><strong><em>Fondo duomenys<\/em><\/strong><\/p>\n\n\n\n<p>Sauliaus Karoso labdaros ir paramos fondas<br>\u012emon\u0117s kodas 192033042<br>S\u0105skaitos nr. \u012fvairiomis valiutomis LT94 7230 0000 0070 0119<br>UAB URBO banko kodas 72300<br>\u010c. Sugiharos g. 3, LT-05115, VILNIUS<br>www.skfoundation.com<br>info@skfoundation.com<\/p>\n\n\n\n<p><\/p>\n\n\n\n<p><\/p>\n\n\n\n<p><\/p>\n\n\n\n<p><\/p>\n\n\n\n<p><\/p>\n\n\n\n<p>&nbsp;<\/p>\n\n\n\n<p><\/p>\n","protected":false},"excerpt":{"rendered":"<p>Ko reikia norint gauti fondo param\u0105? Pateikite trump\u0105 gyvenimo apra\u0161ym\u0105 (CV)U\u017epildykite pra\u0161ym\u0105 (spausti \u010dia)Pateikite mokymo \u012fstaigos ar visuomenin\u0117s organizacijos rekomendacij\u0105Gavus param\u0105, u\u017epildykite sutart\u012f Kaip paremti fond\u0105? Fondas su d\u0117kingumu priima bi\u010diuli\u0173 param\u0105 \u2013 1.2 proc. gyventoj\u0173 pajam\u0173 mokest\u012f.Organizacijos ir asmenys, norintys tapti fondo r\u0117m\u0117jais, pasira\u0161o paramos perdavimo sutart\u012f ir l\u0117\u0161as perveda \u012f fondo s\u0105skait\u0105. Fondo duomenys Sauliaus Karoso labdaros ir paramos fondas\u012emon\u0117s kodas 192033042S\u0105skaitos nr. \u012fvairiomis valiutomis LT94 7230 0000 0070 0119UAB URBO banko kodas 72300\u010c. Sugiharos g. 3, LT-05115, VILNIUSwww.skfoundation.cominfo@skfoundation.com &nbsp;<\/p>\n","protected":false},"author":1,"featured_media":127,"parent":0,"menu_order":0,"comment_status":"closed","ping_status":"closed","template":"","meta":{"om_disable_all_campaigns":false,"footnotes":""},"_links":{"self":[{"href":"https:\/\/skfoundation.com\/index.php\/wp-json\/wp\/v2\/pages\/11"}],"collection":[{"href":"https:\/\/skfoundation.com\/index.php\/wp-json\/wp\/v2\/pages"}],"about":[{"href":"https:\/\/skfoundation.com\/index.php\/wp-json\/wp\/v2\/types\/page"}],"author":[{"embeddable":true,"href":"https:\/\/skfoundation.com\/index.php\/wp-json\/wp\/v2\/users\/1"}],"replies":[{"embeddable":true,"href":"https:\/\/skfoundation.com\/index.php\/wp-json\/wp\/v2\/comments?post=11"}],"version-history":[{"count":10,"href":"https:\/\/skfoundation.com\/index.php\/wp-json\/wp\/v2\/pages\/11\/revisions"}],"predecessor-version":[{"id":236,"href":"https:\/\/skfoundation.com\/index.php\/wp-json\/wp\/v2\/pages\/11\/revisions\/236"}],"wp:featuredmedia":[{"embeddable":true,"href":"https:\/\/skfoundation.com\/index.php\/wp-json\/wp\/v2\/media\/127"}],"wp:attachment":[{"href":"https:\/\/skfoundation.com\/index.php\/wp-json\/wp\/v2\/media?parent=11"}],"curies":[{"name":"wp","href":"https:\/\/api.w.org\/{rel}","templated":true}]}}